{"id":23,"date":"2014-06-07T12:00:10","date_gmt":"2014-06-07T16:00:10","guid":{"rendered":"http:\/\/www.quetza.cl\/?page_id=23"},"modified":"2026-03-30T17:15:30","modified_gmt":"2026-03-30T20:15:30","slug":"nuestra-vision","status":"publish","type":"page","link":"https:\/\/www.quetza.cl\/?page_id=23","title":{"rendered":"Nuestra Visi\u00f3n"},"content":{"rendered":"<p><a href=\"http:\/\/www.quetza.cl\/wp-content\/uploads\/2014\/06\/chepu-2014_845.jpg\"><img fetchpriority=\"high\" decoding=\"async\" class=\"alignnone size-medium wp-image-24\" src=\"http:\/\/www.quetza.cl\/wp-content\/uploads\/2014\/06\/chepu-2014_845-300x224.jpg\" alt=\"chepu-2014_845\" width=\"300\" height=\"224\" srcset=\"https:\/\/www.quetza.cl\/wp-content\/uploads\/2014\/06\/chepu-2014_845-300x224.jpg 300w, https:\/\/www.quetza.cl\/wp-content\/uploads\/2014\/06\/chepu-2014_845-1024x768.jpg 1024w\" sizes=\"(max-width: 300px) 100vw, 300px\" \/><\/a><\/p>\n<p>&nbsp;<\/p>\n<p>Creemos que la educaci\u00f3n y la formaci\u00f3n lo es todo, y por ello, trabajamos por un mundo mejor, m\u00e1s justo y solidario, conociendo nuestro pa\u00eds, cuidando el medio ambiente y respetando la cultura de cada localidad que visitamos, propiciando que el entendimiento entre las personas y los pueblos sea una realidad.<\/p>\n","protected":false},"excerpt":{"rendered":"<p>&nbsp; Creemos que la educaci\u00f3n y la formaci\u00f3n lo es todo, y por ello, trabajamos por un mundo mejor, m\u00e1s justo y solidario, conociendo nuestro pa\u00eds, cuidando el medio ambiente [&hellip;]<\/p>\n","protected":false},"author":1,"featured_media":0,"parent":0,"menu_order":0,"comment_status":"open","ping_status":"closed","template":"","meta":{"footnotes":""},"class_list":["post-23","page","type-page","status-publish","hentry"],"_links":{"self":[{"href":"https:\/\/www.quetza.cl\/index.php?rest_route=\/wp\/v2\/pages\/23","targetHints":{"allow":["GET"]}}],"collection":[{"href":"https:\/\/www.quetza.cl\/index.php?rest_route=\/wp\/v2\/pages"}],"about":[{"href":"https:\/\/www.quetza.cl\/index.php?rest_route=\/wp\/v2\/types\/page"}],"author":[{"embeddable":true,"href":"https:\/\/www.quetza.cl\/index.php?rest_route=\/wp\/v2\/users\/1"}],"replies":[{"embeddable":true,"href":"https:\/\/www.quetza.cl\/index.php?rest_route=%2Fwp%2Fv2%2Fcomments&post=23"}],"version-history":[{"count":2,"href":"https:\/\/www.quetza.cl\/index.php?rest_route=\/wp\/v2\/pages\/23\/revisions"}],"predecessor-version":[{"id":501,"href":"https:\/\/www.quetza.cl\/index.php?rest_route=\/wp\/v2\/pages\/23\/revisions\/501"}],"wp:attachment":[{"href":"https:\/\/www.quetza.cl\/index.php?rest_route=%2Fwp%2Fv2%2Fmedia&parent=23"}],"curies":[{"name":"wp","href":"https:\/\/api.w.org\/{rel}","templated":true}]}}