{"id":26,"date":"2014-06-07T12:02:24","date_gmt":"2014-06-07T16:02:24","guid":{"rendered":"http:\/\/www.quetza.cl\/?page_id=26"},"modified":"2014-06-07T12:02:24","modified_gmt":"2014-06-07T16:02:24","slug":"nuestra-historia","status":"publish","type":"page","link":"https:\/\/www.quetza.cl\/?page_id=26","title":{"rendered":"Nuestra Historia"},"content":{"rendered":"<p><a href=\"http:\/\/www.quetza.cl\/wp-content\/uploads\/2014\/06\/insg_quetzacoatl_800x600-300x233.jpg\"><img fetchpriority=\"high\" decoding=\"async\" class=\"alignnone size-full wp-image-27\" src=\"http:\/\/www.quetza.cl\/wp-content\/uploads\/2014\/06\/insg_quetzacoatl_800x600-300x233.jpg\" alt=\"insg_quetzacoatl_800x600-300x233\" width=\"300\" height=\"233\" \/><\/a><\/p>\n<p>El grupo gu\u00eda y scout Quetzacoatl nace un 14 de marzo del a\u00f1o 1992, cuando un grupo de dirigentes j\u00f3venes sin ning\u00fan nivel de formaci\u00f3n abandonan su grupo F\u00e9nix de la comuna de La Granja, ya que los dirigentes mas adultos no quer\u00edan registrarse y tampoco participar de la Asociaci\u00f3n de Guias y Scouts de Chile. Mucho menos quer\u00edan formarse.<\/p>\n<p>Luego de vivir un campamento de grupo (Fenix) en Valdivia de Paine, comenz\u00f3 a rondar la inquietud y entonces en el consejo de grupo, en el que se evaluaba este campamento, presentan su renuncia Jorge Chanilao, Dino Rivas, Claudia Machuca, Marcos Ferrada, Ingrid Machuca y el Nacho alias el Tucan.<br \/>\nComenzamos a organizarnos en la capilla SUD de la calle Illapel ah\u00ed estuvimos como un mes aun sin nombre luego nos dirigimos al centro Arauco que estaba comenzando reci\u00e9n a ser rescatado para la comunidad despu\u00e9s de permanecer un buen tiempo deshabitado y nos abrieron las puertas. Hasta nos dieron una sala exclusiva para el grupo.<\/p>\n<p>Nuestra primera reuni\u00f3n de consejo fue el d\u00eda 14 de marzo en nuestra sala del centro Arauco y ah\u00ed comenzamos a buscar nuestro nombre donde no nos costo mucho ya que a todos nos gusto Quetzacoatl luego comenzamos ah\u00ed mismo cada uno en un rinc\u00f3n del pizarr\u00f3n comenzamos a dibujar nuestra bandera de grupo y los colores del pa\u00f1ol\u00edn, en primera instancia pensamos poner los colores de la bandera de M\u00e9xico y comenzamos a trabajar primero con las 4 unidades y unos meses m\u00e1s tarde comenz\u00f3 la Ruta.<\/p>\n<p>Nuestro primer a\u00f1o fue con unidades con cualquier nombre, algunos eran mapuches otros flores en fin ten\u00edamos un desorden bastante grande, tuvimos alrededor de 120 miembros beneficiarios y muchos de ellos no siguieron del grupo F\u00e9nix, ere mismo a\u00f1o 1992 Claudia Machuca y Jorge Chanilao realizan su curso b\u00e1sico.<\/p>\n<p>Nuestro primer campamento de verano realizado en Coinco fue en el verano del a\u00f1o 1993, a\u00f1o donde se fundaron los nombres de las unidades y de la patrullas en el caso de las unidades intermedias. Ingrid Machuca realiza su curso b\u00e1sico este a\u00f1o.<\/p>\n<p>Desde ese entonces a la fecha han pasado muchas guiadoras y dirigente por el Quetza como cari\u00f1osamente le llamanos a nuestro grupo.<\/p>\n","protected":false},"excerpt":{"rendered":"<p>El grupo gu\u00eda y scout Quetzacoatl nace un 14 de marzo del a\u00f1o 1992, cuando un grupo de dirigentes j\u00f3venes sin ning\u00fan nivel de formaci\u00f3n abandonan su grupo F\u00e9nix de [&hellip;]<\/p>\n","protected":false},"author":1,"featured_media":0,"parent":0,"menu_order":0,"comment_status":"open","ping_status":"closed","template":"","meta":{"footnotes":""},"class_list":["post-26","page","type-page","status-publish","hentry"],"_links":{"self":[{"href":"https:\/\/www.quetza.cl\/index.php?rest_route=\/wp\/v2\/pages\/26","targetHints":{"allow":["GET"]}}],"collection":[{"href":"https:\/\/www.quetza.cl\/index.php?rest_route=\/wp\/v2\/pages"}],"about":[{"href":"https:\/\/www.quetza.cl\/index.php?rest_route=\/wp\/v2\/types\/page"}],"author":[{"embeddable":true,"href":"https:\/\/www.quetza.cl\/index.php?rest_route=\/wp\/v2\/users\/1"}],"replies":[{"embeddable":true,"href":"https:\/\/www.quetza.cl\/index.php?rest_route=%2Fwp%2Fv2%2Fcomments&post=26"}],"version-history":[{"count":1,"href":"https:\/\/www.quetza.cl\/index.php?rest_route=\/wp\/v2\/pages\/26\/revisions"}],"predecessor-version":[{"id":28,"href":"https:\/\/www.quetza.cl\/index.php?rest_route=\/wp\/v2\/pages\/26\/revisions\/28"}],"wp:attachment":[{"href":"https:\/\/www.quetza.cl\/index.php?rest_route=%2Fwp%2Fv2%2Fmedia&parent=26"}],"curies":[{"name":"wp","href":"https:\/\/api.w.org\/{rel}","templated":true}]}}